{"id":8143,"date":"2024-01-26T11:57:16","date_gmt":"2024-01-26T14:57:16","guid":{"rendered":"https:\/\/menta.global\/?page_id=8143"},"modified":"2024-01-30T15:34:32","modified_gmt":"2024-01-30T18:34:32","slug":"permisos-comercio","status":"publish","type":"page","link":"https:\/\/menta.global\/en\/permisos-comercio\/","title":{"rendered":"Permisos | Comercio"},"content":{"rendered":"<p>[et_pb_section fb_built=&#8221;1&#8243; _builder_version=&#8221;4.14.7&#8243; _module_preset=&#8221;default&#8221; background_color=&#8221;#fafafa&#8221; background_image=&#8221;https:\/\/menta.global\/wp-content\/uploads\/2023\/09\/Hero-guia-de-prod-1.png&#8221; background_blend=&#8221;multiply&#8221; min_height=&#8221;40vh&#8221; custom_css_main_element=&#8221;display: flex&#8221; global_colors_info=&#8221;{}&#8221;][et_pb_row _builder_version=&#8221;4.14.7&#8243; _module_preset=&#8221;default&#8221; global_colors_info=&#8221;{}&#8221;][et_pb_column type=&#8221;4_4&#8243; _builder_version=&#8221;4.14.7&#8243; _module_preset=&#8221;default&#8221; global_colors_info=&#8221;{}&#8221;][et_pb_text _builder_version=&#8221;4.14.7&#8243; _dynamic_attributes=&#8221;content&#8221; _module_preset=&#8221;default&#8221; header_2_text_color=&#8221;#202124&#8243; header_2_font_size=&#8221;30px&#8221; global_colors_info=&#8221;{}&#8221;]@ET-DC@eyJkeW5hbWljIjp0cnVlLCJjb250ZW50IjoicG9zdF90aXRsZSIsInNldHRpbmdzIjp7ImJlZm9yZSI6IjxoMj4iLCJhZnRlciI6IjwvaDI+In19@[\/et_pb_text][et_pb_text admin_label=&#8221;Text&#8221; _builder_version=&#8221;4.14.7&#8243; text_font=&#8221;Poppins||||||||&#8221; text_text_color=&#8221;#202124&#8243; text_font_size=&#8221;15px&#8221; text_line_height=&#8221;1.6em&#8221; background_size=&#8221;initial&#8221; background_position=&#8221;top_left&#8221; background_repeat=&#8221;repeat&#8221; width=&#8221;90%&#8221; custom_margin=&#8221;||-1px|||&#8221; custom_margin_tablet=&#8221;-50px|50px||50px|false|false&#8221; custom_margin_phone=&#8221;|18px||18px|false|false&#8221; custom_margin_last_edited=&#8221;on|phone&#8221; locked=&#8221;off&#8221; global_colors_info=&#8221;{}&#8221;]<\/p>\n<p style=\"text-align: left;\">Los accesos est\u00e1n conformados por: <strong>completo<\/strong>\u00a0y<strong> b\u00e1sico.<\/strong> Cada permiso te da acceso a diferentes funciones.<\/p>\n<p><!-- \/wp:list --><br \/>\n[\/et_pb_text][\/et_pb_column][\/et_pb_row][\/et_pb_section][et_pb_section fb_built=&#8221;1&#8243; _builder_version=&#8221;4.14.7&#8243; _module_preset=&#8221;default&#8221; custom_padding=&#8221;30px|||||&#8221; global_colors_info=&#8221;{}&#8221;][et_pb_row _builder_version=&#8221;4.14.7&#8243; _module_preset=&#8221;default&#8221; custom_padding=&#8221;0px||0px|||&#8221; border_width_bottom=&#8221;1px&#8221; border_color_bottom=&#8221;rgba(69,54,255,0.1)&#8221; global_colors_info=&#8221;{}&#8221;][et_pb_column type=&#8221;4_4&#8243; _builder_version=&#8221;4.14.7&#8243; _module_preset=&#8221;default&#8221; global_colors_info=&#8221;{}&#8221;][et_pb_text admin_label=&#8221;Text&#8221; _builder_version=&#8221;4.14.7&#8243; text_font=&#8221;Poppins|300|||||||&#8221; text_text_color=&#8221;#202124&#8243; text_font_size=&#8221;13px&#8221; text_line_height=&#8221;1.6em&#8221; background_size=&#8221;initial&#8221; background_position=&#8221;top_left&#8221; background_repeat=&#8221;repeat&#8221; width=&#8221;90%&#8221; custom_margin_tablet=&#8221;-30px|50px||50px|false|false&#8221; custom_margin_phone=&#8221;|18px||18px|false|false&#8221; custom_margin_last_edited=&#8221;on|phone&#8221; custom_padding=&#8221;|0px|0px|0px|false|false&#8221; locked=&#8221;off&#8221; global_colors_info=&#8221;{}&#8221;]<\/p>\n<p style=\"text-align: left;\"><strong>\u00daltima actualizaci\u00f3n:<\/strong> 31 de enero de 2024<\/p>\n<p><!-- \/wp:list --><\/p>\n<p>[\/et_pb_text][\/et_pb_column][\/et_pb_row][et_pb_row column_structure=&#8221;3_5,2_5&#8243; _builder_version=&#8221;4.14.7&#8243; _module_preset=&#8221;default&#8221; custom_margin=&#8221;40px||||false|false&#8221; global_colors_info=&#8221;{}&#8221;][et_pb_column type=&#8221;3_5&#8243; _builder_version=&#8221;4.14.7&#8243; _module_preset=&#8221;default&#8221; global_colors_info=&#8221;{}&#8221;][et_pb_text _builder_version=&#8221;4.14.7&#8243; _module_preset=&#8221;default&#8221; text_font=&#8221;Satoshi||||||||&#8221; text_text_color=&#8221;#202124&#8243; text_font_size=&#8221;22px&#8221; global_colors_info=&#8221;{}&#8221;]<\/p>\n<p>Backoffice<\/p>\n<p>[\/et_pb_text][et_pb_image src=&#8221;https:\/\/menta.global\/wp-content\/uploads\/2024\/01\/Permisos_comercio_OK-2.png&#8221; title_text=&#8221;Permisos_comercio_OK-2&#8243; _builder_version=&#8221;4.14.7&#8243; _module_preset=&#8221;default&#8221; hover_enabled=&#8221;0&#8243; global_colors_info=&#8221;{}&#8221; sticky_enabled=&#8221;0&#8243;][\/et_pb_image][\/et_pb_column][et_pb_column type=&#8221;2_5&#8243; _builder_version=&#8221;4.14.7&#8243; _module_preset=&#8221;default&#8221; global_colors_info=&#8221;{}&#8221;][\/et_pb_column][\/et_pb_row][et_pb_row column_structure=&#8221;3_5,2_5&#8243; _builder_version=&#8221;4.14.7&#8243; _module_preset=&#8221;default&#8221; custom_margin=&#8221;40px||||false|false&#8221; global_colors_info=&#8221;{}&#8221;][et_pb_column type=&#8221;3_5&#8243; _builder_version=&#8221;4.14.7&#8243; _module_preset=&#8221;default&#8221; global_colors_info=&#8221;{}&#8221;][et_pb_text _builder_version=&#8221;4.14.7&#8243; _module_preset=&#8221;default&#8221; text_font=&#8221;Satoshi||||||||&#8221; text_text_color=&#8221;#202124&#8243; text_font_size=&#8221;22px&#8221; global_colors_info=&#8221;{}&#8221;]<\/p>\n<p>Terminal<\/p>\n<p>[\/et_pb_text][et_pb_image src=&#8221;https:\/\/menta.global\/wp-content\/uploads\/2024\/01\/Permisos_comercio_terminal_OK2.png&#8221; title_text=&#8221;Permisos_comercio_terminal_OK2&#8243; _builder_version=&#8221;4.14.7&#8243; _module_preset=&#8221;default&#8221; hover_enabled=&#8221;0&#8243; global_colors_info=&#8221;{}&#8221; sticky_enabled=&#8221;0&#8243;][\/et_pb_image][\/et_pb_column][et_pb_column type=&#8221;2_5&#8243; _builder_version=&#8221;4.14.7&#8243; _module_preset=&#8221;default&#8221; global_colors_info=&#8221;{}&#8221;][\/et_pb_column][\/et_pb_row][\/et_pb_section]<\/p>\n","protected":false},"excerpt":{"rendered":"<p>Los accesos est\u00e1n conformados por: completo\u00a0y b\u00e1sico. Cada permiso te da acceso a diferentes funciones. \u00daltima actualizaci\u00f3n: 31 de enero de 2024 BackofficeTerminal<\/p>","protected":false},"author":11,"featured_media":0,"parent":0,"menu_order":0,"comment_status":"closed","ping_status":"closed","template":"","meta":{"_et_pb_use_builder":"on","_et_pb_old_content":"","_et_gb_content_width":"","content-type":"","inline_featured_image":false,"footnotes":"","_links_to":"","_links_to_target":""},"class_list":["post-8143","page","type-page","status-publish","hentry"],"yoast_head":"<!-- This site is optimized with the Yoast SEO plugin v26.8 - https:\/\/yoast.com\/product\/yoast-seo-wordpress\/ -->\n<title>Permisos | Comercio - Infraestructura de cobro marca blanca<\/title>\n<meta name=\"robots\" content=\"index, follow, max-snippet:-1, max-image-preview:large, max-video-preview:-1\" \/>\n<link rel=\"canonical\" href=\"https:\/\/menta.global\/en\/permisos-comercio\/\" \/>\n<meta property=\"og:locale\" content=\"en_US\" \/>\n<meta property=\"og:type\" content=\"article\" \/>\n<meta property=\"og:title\" content=\"Permisos | Comercio - Infraestructura de cobro marca blanca\" \/>\n<meta property=\"og:description\" content=\"Los accesos est\u00e1n conformados por: completo\u00a0y b\u00e1sico. Cada permiso te da acceso a diferentes funciones. \u00daltima actualizaci\u00f3n: 31 de enero de 2024 BackofficeTerminal\" \/>\n<meta property=\"og:url\" content=\"https:\/\/menta.global\/en\/permisos-comercio\/\" \/>\n<meta property=\"og:site_name\" content=\"Infraestructura de cobro marca blanca\" \/>\n<meta property=\"article:modified_time\" content=\"2024-01-30T18:34:32+00:00\" \/>\n<meta name=\"twitter:card\" content=\"summary_large_image\" \/>\n<meta name=\"twitter:site\" content=\"@menta_ok\" \/>\n<meta name=\"twitter:label1\" content=\"Est. reading time\" \/>\n\t<meta name=\"twitter:data1\" content=\"1 minute\" \/>\n<script type=\"application\/ld+json\" class=\"yoast-schema-graph\">{\"@context\":\"https:\/\/schema.org\",\"@graph\":[{\"@type\":\"WebPage\",\"@id\":\"https:\/\/menta.global\/permisos-comercio\/\",\"url\":\"https:\/\/menta.global\/permisos-comercio\/\",\"name\":\"Permisos | Comercio - Infraestructura de cobro marca blanca\",\"isPartOf\":{\"@id\":\"https:\/\/menta.global\/#website\"},\"datePublished\":\"2024-01-26T14:57:16+00:00\",\"dateModified\":\"2024-01-30T18:34:32+00:00\",\"breadcrumb\":{\"@id\":\"https:\/\/menta.global\/permisos-comercio\/#breadcrumb\"},\"inLanguage\":\"en-US\",\"potentialAction\":[{\"@type\":\"ReadAction\",\"target\":[\"https:\/\/menta.global\/permisos-comercio\/\"]}]},{\"@type\":\"BreadcrumbList\",\"@id\":\"https:\/\/menta.global\/permisos-comercio\/#breadcrumb\",\"itemListElement\":[{\"@type\":\"ListItem\",\"position\":1,\"name\":\"Inicio\",\"item\":\"https:\/\/menta.global\/\"},{\"@type\":\"ListItem\",\"position\":2,\"name\":\"Permisos | Comercio\"}]},{\"@type\":\"WebSite\",\"@id\":\"https:\/\/menta.global\/#website\",\"url\":\"https:\/\/menta.global\/\",\"name\":\"Infraestructura de cobro marca blanca\",\"description\":\"Desbloqueamos nuevos flujos de ingresos para empresas B2B incorporando pagos y servicios financieros\",\"publisher\":{\"@id\":\"https:\/\/menta.global\/#organization\"},\"potentialAction\":[{\"@type\":\"SearchAction\",\"target\":{\"@type\":\"EntryPoint\",\"urlTemplate\":\"https:\/\/menta.global\/?s={search_term_string}\"},\"query-input\":{\"@type\":\"PropertyValueSpecification\",\"valueRequired\":true,\"valueName\":\"search_term_string\"}}],\"inLanguage\":\"en-US\"},{\"@type\":\"Organization\",\"@id\":\"https:\/\/menta.global\/#organization\",\"name\":\"menta\",\"url\":\"https:\/\/menta.global\/\",\"logo\":{\"@type\":\"ImageObject\",\"inLanguage\":\"en-US\",\"@id\":\"https:\/\/menta.global\/#\/schema\/logo\/image\/\",\"url\":\"https:\/\/menta.global\/wp-content\/uploads\/2022\/01\/whatsapp-2.png\",\"contentUrl\":\"https:\/\/menta.global\/wp-content\/uploads\/2022\/01\/whatsapp-2.png\",\"width\":1080,\"height\":1080,\"caption\":\"menta\"},\"image\":{\"@id\":\"https:\/\/menta.global\/#\/schema\/logo\/image\/\"},\"sameAs\":[\"https:\/\/x.com\/menta_ok\"]}]}<\/script>\n<!-- \/ Yoast SEO plugin. -->","yoast_head_json":{"title":"Permisos | Comercio - Infraestructura de cobro marca blanca","robots":{"index":"index","follow":"follow","max-snippet":"max-snippet:-1","max-image-preview":"max-image-preview:large","max-video-preview":"max-video-preview:-1"},"canonical":"https:\/\/menta.global\/en\/permisos-comercio\/","og_locale":"en_US","og_type":"article","og_title":"Permisos | Comercio - Infraestructura de cobro marca blanca","og_description":"Los accesos est\u00e1n conformados por: completo\u00a0y b\u00e1sico. Cada permiso te da acceso a diferentes funciones. \u00daltima actualizaci\u00f3n: 31 de enero de 2024 BackofficeTerminal","og_url":"https:\/\/menta.global\/en\/permisos-comercio\/","og_site_name":"Infraestructura de cobro marca blanca","article_modified_time":"2024-01-30T18:34:32+00:00","twitter_card":"summary_large_image","twitter_site":"@menta_ok","twitter_misc":{"Est. reading time":"1 minute"},"schema":{"@context":"https:\/\/schema.org","@graph":[{"@type":"WebPage","@id":"https:\/\/menta.global\/permisos-comercio\/","url":"https:\/\/menta.global\/permisos-comercio\/","name":"Permisos | Comercio - Infraestructura de cobro marca blanca","isPartOf":{"@id":"https:\/\/menta.global\/#website"},"datePublished":"2024-01-26T14:57:16+00:00","dateModified":"2024-01-30T18:34:32+00:00","breadcrumb":{"@id":"https:\/\/menta.global\/permisos-comercio\/#breadcrumb"},"inLanguage":"en-US","potentialAction":[{"@type":"ReadAction","target":["https:\/\/menta.global\/permisos-comercio\/"]}]},{"@type":"BreadcrumbList","@id":"https:\/\/menta.global\/permisos-comercio\/#breadcrumb","itemListElement":[{"@type":"ListItem","position":1,"name":"Inicio","item":"https:\/\/menta.global\/"},{"@type":"ListItem","position":2,"name":"Permisos | Comercio"}]},{"@type":"WebSite","@id":"https:\/\/menta.global\/#website","url":"https:\/\/menta.global\/","name":"Infraestructura de cobro marca blanca","description":"Desbloqueamos nuevos flujos de ingresos para empresas B2B incorporando pagos y servicios financieros","publisher":{"@id":"https:\/\/menta.global\/#organization"},"potentialAction":[{"@type":"SearchAction","target":{"@type":"EntryPoint","urlTemplate":"https:\/\/menta.global\/?s={search_term_string}"},"query-input":{"@type":"PropertyValueSpecification","valueRequired":true,"valueName":"search_term_string"}}],"inLanguage":"en-US"},{"@type":"Organization","@id":"https:\/\/menta.global\/#organization","name":"menta","url":"https:\/\/menta.global\/","logo":{"@type":"ImageObject","inLanguage":"en-US","@id":"https:\/\/menta.global\/#\/schema\/logo\/image\/","url":"https:\/\/menta.global\/wp-content\/uploads\/2022\/01\/whatsapp-2.png","contentUrl":"https:\/\/menta.global\/wp-content\/uploads\/2022\/01\/whatsapp-2.png","width":1080,"height":1080,"caption":"menta"},"image":{"@id":"https:\/\/menta.global\/#\/schema\/logo\/image\/"},"sameAs":["https:\/\/x.com\/menta_ok"]}]}},"_links":{"self":[{"href":"https:\/\/menta.global\/en\/wp-json\/wp\/v2\/pages\/8143","targetHints":{"allow":["GET"]}}],"collection":[{"href":"https:\/\/menta.global\/en\/wp-json\/wp\/v2\/pages"}],"about":[{"href":"https:\/\/menta.global\/en\/wp-json\/wp\/v2\/types\/page"}],"author":[{"embeddable":true,"href":"https:\/\/menta.global\/en\/wp-json\/wp\/v2\/users\/11"}],"replies":[{"embeddable":true,"href":"https:\/\/menta.global\/en\/wp-json\/wp\/v2\/comments?post=8143"}],"version-history":[{"count":11,"href":"https:\/\/menta.global\/en\/wp-json\/wp\/v2\/pages\/8143\/revisions"}],"predecessor-version":[{"id":8218,"href":"https:\/\/menta.global\/en\/wp-json\/wp\/v2\/pages\/8143\/revisions\/8218"}],"wp:attachment":[{"href":"https:\/\/menta.global\/en\/wp-json\/wp\/v2\/media?parent=8143"}],"curies":[{"name":"wp","href":"https:\/\/api.w.org\/{rel}","templated":true}]}}